{"id":959,"date":"2022-12-12T10:59:22","date_gmt":"2022-12-12T15:59:22","guid":{"rendered":"https:\/\/centreculturelvietnamien.ca\/?page_id=959"},"modified":"2023-04-24T15:05:02","modified_gmt":"2023-04-24T19:05:02","slug":"dieu-khoan-truy-cap","status":"publish","type":"page","link":"https:\/\/centreculturelvietnamien.ca\/vi\/dieu-khoan-truy-cap\/","title":{"rendered":"\u0110i\u1ec1u kho\u1ea3n truy c\u1eadp"},"content":{"rendered":"","protected":false},"excerpt":{"rendered":"","protected":false},"author":1,"featured_media":0,"parent":0,"menu_order":0,"comment_status":"closed","ping_status":"closed","template":"templates\/page-rte-template.php","meta":{"_acf_changed":false,"footnotes":""},"class_list":["post-959","page","type-page","status-publish","hentry"],"acf":[],"yoast_head":"<!-- This site is optimized with the Yoast SEO plugin v27.3 - https:\/\/yoast.com\/product\/yoast-seo-wordpress\/ -->\n<title>\u0110i\u1ec1u kho\u1ea3n truy c\u1eadp - Trung t\u00e2m V\u0103n h\u00f3a Vi\u1ec7t Nam t\u1ea1i Canada<\/title>\n<meta name=\"robots\" content=\"index, nofollow, max-snippet:-1, max-image-preview:large, max-video-preview:-1\" \/>\n<link rel=\"canonical\" href=\"https:\/\/centreculturelvietnamien.ca\/vi\/dieu-khoan-truy-cap\/\" \/>\n<meta property=\"og:locale\" content=\"vi_VN\" \/>\n<meta property=\"og:type\" content=\"article\" \/>\n<meta property=\"og:title\" content=\"\u0110i\u1ec1u kho\u1ea3n truy c\u1eadp - Trung t\u00e2m V\u0103n h\u00f3a Vi\u1ec7t Nam t\u1ea1i Canada\" \/>\n<meta property=\"og:url\" content=\"https:\/\/centreculturelvietnamien.ca\/vi\/dieu-khoan-truy-cap\/\" \/>\n<meta property=\"og:site_name\" content=\"Trung t\u00e2m V\u0103n h\u00f3a Vi\u1ec7t Nam t\u1ea1i Canada\" \/>\n<meta property=\"article:publisher\" content=\"https:\/\/www.facebook.com\/ccvmontreal\" \/>\n<meta property=\"article:modified_time\" content=\"2023-04-24T19:05:02+00:00\" \/>\n<meta property=\"og:image\" content=\"https:\/\/centreculturelvietnamien.ca\/wp-content\/uploads\/Social-Media-1.png\" \/>\n\t<meta property=\"og:image:width\" content=\"1200\" \/>\n\t<meta property=\"og:image:height\" content=\"675\" \/>\n\t<meta property=\"og:image:type\" content=\"image\/png\" \/>\n<meta name=\"twitter:card\" content=\"summary_large_image\" \/>\n<meta name=\"twitter:site\" content=\"@ccvmontreal\" \/>\n<script type=\"application\/ld+json\" class=\"yoast-schema-graph\">{\"@context\":\"https:\\\/\\\/schema.org\",\"@graph\":[{\"@type\":\"WebPage\",\"@id\":\"https:\\\/\\\/centreculturelvietnamien.ca\\\/vi\\\/dieu-khoan-truy-cap\\\/\",\"url\":\"https:\\\/\\\/centreculturelvietnamien.ca\\\/vi\\\/dieu-khoan-truy-cap\\\/\",\"name\":\"\u0110i\u1ec1u kho\u1ea3n truy c\u1eadp - Trung t\u00e2m V\u0103n h\u00f3a Vi\u1ec7t Nam t\u1ea1i Canada\",\"isPartOf\":{\"@id\":\"https:\\\/\\\/centreculturelvietnamien.ca\\\/vi\\\/#website\"},\"datePublished\":\"2022-12-12T15:59:22+00:00\",\"dateModified\":\"2023-04-24T19:05:02+00:00\",\"breadcrumb\":{\"@id\":\"https:\\\/\\\/centreculturelvietnamien.ca\\\/vi\\\/dieu-khoan-truy-cap\\\/#breadcrumb\"},\"inLanguage\":\"vi-VN\",\"potentialAction\":[{\"@type\":\"ReadAction\",\"target\":[\"https:\\\/\\\/centreculturelvietnamien.ca\\\/vi\\\/dieu-khoan-truy-cap\\\/\"]}]},{\"@type\":\"BreadcrumbList\",\"@id\":\"https:\\\/\\\/centreculturelvietnamien.ca\\\/vi\\\/dieu-khoan-truy-cap\\\/#breadcrumb\",\"itemListElement\":[{\"@type\":\"ListItem\",\"position\":1,\"name\":\"Accueil\",\"item\":\"https:\\\/\\\/centreculturelvietnamien.ca\\\/vi\\\/\"},{\"@type\":\"ListItem\",\"position\":2,\"name\":\"\u0110i\u1ec1u kho\u1ea3n truy c\u1eadp\"}]},{\"@type\":\"WebSite\",\"@id\":\"https:\\\/\\\/centreculturelvietnamien.ca\\\/vi\\\/#website\",\"url\":\"https:\\\/\\\/centreculturelvietnamien.ca\\\/vi\\\/\",\"name\":\"Trung t\u00e2m V\u0103n h\u00f3a Vi\u1ec7t Nam t\u1ea1i Canada\",\"description\":\"Nh\u1ecbp s\u1ed1ng V\u0103n ho\u00e1 v\u00e0 t\u00e2m h\u1ed3n Vi\u1ec7t t\u1ea1i Canada\",\"publisher\":{\"@id\":\"https:\\\/\\\/centreculturelvietnamien.ca\\\/vi\\\/#organization\"},\"potentialAction\":[{\"@type\":\"SearchAction\",\"target\":{\"@type\":\"EntryPoint\",\"urlTemplate\":\"https:\\\/\\\/centreculturelvietnamien.ca\\\/vi\\\/?s={search_term_string}\"},\"query-input\":{\"@type\":\"PropertyValueSpecification\",\"valueRequired\":true,\"valueName\":\"search_term_string\"}}],\"inLanguage\":\"vi-VN\"},{\"@type\":\"Organization\",\"@id\":\"https:\\\/\\\/centreculturelvietnamien.ca\\\/vi\\\/#organization\",\"name\":\"Trung t\u00e2m V\u0103n h\u00f3a Vi\u1ec7t Nam t\u1ea1i Canada\",\"url\":\"https:\\\/\\\/centreculturelvietnamien.ca\\\/vi\\\/\",\"logo\":{\"@type\":\"ImageObject\",\"inLanguage\":\"vi-VN\",\"@id\":\"https:\\\/\\\/centreculturelvietnamien.ca\\\/vi\\\/#\\\/schema\\\/logo\\\/image\\\/\",\"url\":\"https:\\\/\\\/centreculturelvietnamien.ca\\\/wp-content\\\/uploads\\\/logo-ccv.png\",\"contentUrl\":\"https:\\\/\\\/centreculturelvietnamien.ca\\\/wp-content\\\/uploads\\\/logo-ccv.png\",\"width\":200,\"height\":200,\"caption\":\"Trung t\u00e2m V\u0103n h\u00f3a Vi\u1ec7t Nam t\u1ea1i Canada\"},\"image\":{\"@id\":\"https:\\\/\\\/centreculturelvietnamien.ca\\\/vi\\\/#\\\/schema\\\/logo\\\/image\\\/\"},\"sameAs\":[\"https:\\\/\\\/www.facebook.com\\\/ccvmontreal\",\"https:\\\/\\\/x.com\\\/ccvmontreal\",\"https:\\\/\\\/www.instagram.com\\\/ccvmontreal\\\/\"]}]}<\/script>\n<!-- \/ Yoast SEO plugin. -->","yoast_head_json":{"title":"\u0110i\u1ec1u kho\u1ea3n truy c\u1eadp - Trung t\u00e2m V\u0103n h\u00f3a Vi\u1ec7t Nam t\u1ea1i Canada","robots":{"index":"index","follow":"nofollow","max-snippet":"max-snippet:-1","max-image-preview":"max-image-preview:large","max-video-preview":"max-video-preview:-1"},"canonical":"https:\/\/centreculturelvietnamien.ca\/vi\/dieu-khoan-truy-cap\/","og_locale":"vi_VN","og_type":"article","og_title":"\u0110i\u1ec1u kho\u1ea3n truy c\u1eadp - Trung t\u00e2m V\u0103n h\u00f3a Vi\u1ec7t Nam t\u1ea1i Canada","og_url":"https:\/\/centreculturelvietnamien.ca\/vi\/dieu-khoan-truy-cap\/","og_site_name":"Trung t\u00e2m V\u0103n h\u00f3a Vi\u1ec7t Nam t\u1ea1i Canada","article_publisher":"https:\/\/www.facebook.com\/ccvmontreal","article_modified_time":"2023-04-24T19:05:02+00:00","og_image":[{"width":1200,"height":675,"url":"https:\/\/centreculturelvietnamien.ca\/wp-content\/uploads\/Social-Media-1.png","type":"image\/png"}],"twitter_card":"summary_large_image","twitter_site":"@ccvmontreal","schema":{"@context":"https:\/\/schema.org","@graph":[{"@type":"WebPage","@id":"https:\/\/centreculturelvietnamien.ca\/vi\/dieu-khoan-truy-cap\/","url":"https:\/\/centreculturelvietnamien.ca\/vi\/dieu-khoan-truy-cap\/","name":"\u0110i\u1ec1u kho\u1ea3n truy c\u1eadp - Trung t\u00e2m V\u0103n h\u00f3a Vi\u1ec7t Nam t\u1ea1i Canada","isPartOf":{"@id":"https:\/\/centreculturelvietnamien.ca\/vi\/#website"},"datePublished":"2022-12-12T15:59:22+00:00","dateModified":"2023-04-24T19:05:02+00:00","breadcrumb":{"@id":"https:\/\/centreculturelvietnamien.ca\/vi\/dieu-khoan-truy-cap\/#breadcrumb"},"inLanguage":"vi-VN","potentialAction":[{"@type":"ReadAction","target":["https:\/\/centreculturelvietnamien.ca\/vi\/dieu-khoan-truy-cap\/"]}]},{"@type":"BreadcrumbList","@id":"https:\/\/centreculturelvietnamien.ca\/vi\/dieu-khoan-truy-cap\/#breadcrumb","itemListElement":[{"@type":"ListItem","position":1,"name":"Accueil","item":"https:\/\/centreculturelvietnamien.ca\/vi\/"},{"@type":"ListItem","position":2,"name":"\u0110i\u1ec1u kho\u1ea3n truy c\u1eadp"}]},{"@type":"WebSite","@id":"https:\/\/centreculturelvietnamien.ca\/vi\/#website","url":"https:\/\/centreculturelvietnamien.ca\/vi\/","name":"Trung t\u00e2m V\u0103n h\u00f3a Vi\u1ec7t Nam t\u1ea1i Canada","description":"Nh\u1ecbp s\u1ed1ng V\u0103n ho\u00e1 v\u00e0 t\u00e2m h\u1ed3n Vi\u1ec7t t\u1ea1i Canada","publisher":{"@id":"https:\/\/centreculturelvietnamien.ca\/vi\/#organization"},"potentialAction":[{"@type":"SearchAction","target":{"@type":"EntryPoint","urlTemplate":"https:\/\/centreculturelvietnamien.ca\/vi\/?s={search_term_string}"},"query-input":{"@type":"PropertyValueSpecification","valueRequired":true,"valueName":"search_term_string"}}],"inLanguage":"vi-VN"},{"@type":"Organization","@id":"https:\/\/centreculturelvietnamien.ca\/vi\/#organization","name":"Trung t\u00e2m V\u0103n h\u00f3a Vi\u1ec7t Nam t\u1ea1i Canada","url":"https:\/\/centreculturelvietnamien.ca\/vi\/","logo":{"@type":"ImageObject","inLanguage":"vi-VN","@id":"https:\/\/centreculturelvietnamien.ca\/vi\/#\/schema\/logo\/image\/","url":"https:\/\/centreculturelvietnamien.ca\/wp-content\/uploads\/logo-ccv.png","contentUrl":"https:\/\/centreculturelvietnamien.ca\/wp-content\/uploads\/logo-ccv.png","width":200,"height":200,"caption":"Trung t\u00e2m V\u0103n h\u00f3a Vi\u1ec7t Nam t\u1ea1i Canada"},"image":{"@id":"https:\/\/centreculturelvietnamien.ca\/vi\/#\/schema\/logo\/image\/"},"sameAs":["https:\/\/www.facebook.com\/ccvmontreal","https:\/\/x.com\/ccvmontreal","https:\/\/www.instagram.com\/ccvmontreal\/"]}]}},"_links":{"self":[{"href":"https:\/\/centreculturelvietnamien.ca\/vi\/wp-json\/wp\/v2\/pages\/959","targetHints":{"allow":["GET"]}}],"collection":[{"href":"https:\/\/centreculturelvietnamien.ca\/vi\/wp-json\/wp\/v2\/pages"}],"about":[{"href":"https:\/\/centreculturelvietnamien.ca\/vi\/wp-json\/wp\/v2\/types\/page"}],"author":[{"embeddable":true,"href":"https:\/\/centreculturelvietnamien.ca\/vi\/wp-json\/wp\/v2\/users\/1"}],"replies":[{"embeddable":true,"href":"https:\/\/centreculturelvietnamien.ca\/vi\/wp-json\/wp\/v2\/comments?post=959"}],"version-history":[{"count":2,"href":"https:\/\/centreculturelvietnamien.ca\/vi\/wp-json\/wp\/v2\/pages\/959\/revisions"}],"predecessor-version":[{"id":961,"href":"https:\/\/centreculturelvietnamien.ca\/vi\/wp-json\/wp\/v2\/pages\/959\/revisions\/961"}],"wp:attachment":[{"href":"https:\/\/centreculturelvietnamien.ca\/vi\/wp-json\/wp\/v2\/media?parent=959"}],"curies":[{"name":"wp","href":"https:\/\/api.w.org\/{rel}","templated":true}]}}