{"id":3294,"date":"2025-01-28T03:43:52","date_gmt":"2025-01-28T08:43:52","guid":{"rendered":"https:\/\/centreculturelvietnamien.ca\/boutique-nonla-test\/"},"modified":"2025-06-25T05:46:22","modified_gmt":"2025-06-25T09:46:22","slug":"boutique-nonla","status":"publish","type":"page","link":"https:\/\/centreculturelvietnamien.ca\/vi\/boutique-nonla\/","title":{"rendered":"Boutique N\u00f3n l\u00e1"},"content":{"rendered":"","protected":false},"excerpt":{"rendered":"","protected":false},"author":1,"featured_media":0,"parent":0,"menu_order":0,"comment_status":"closed","ping_status":"closed","template":"templates\/page-rte-template.php","meta":{"_acf_changed":false,"footnotes":""},"class_list":["post-3294","page","type-page","status-publish","hentry"],"acf":[],"yoast_head":"<!-- This site is optimized with the Yoast SEO plugin v27.4 - https:\/\/yoast.com\/product\/yoast-seo-wordpress\/ -->\n<title>Boutique N\u00f3n l\u00e1 - Trung t\u00e2m V\u0103n h\u00f3a Vi\u1ec7t Nam t\u1ea1i Canada<\/title>\n<meta name=\"description\" content=\"N\u00f3n L\u00e1 l\u00e0 m\u1ed9t c\u1eeda h\u00e0ng tr\u1ef1c tuy\u1ebfn th\u1ee7 c\u00f4ng m\u1ef9 ngh\u1ec7 l\u1ea5y c\u1ea3m h\u1ee9ng t\u1eeb m\u1ed9t c\u00e1i g\u00ec \u0111\u00f3 c\u00f3 ph\u1ea7n tr\u1eebu t\u01b0\u1ee3ng nh\u01b0ng \u00ab nh\u00ecn v\u00e0o l\u00e0 bi\u1ebft Vi\u1ec7t Nam \u00bb.\" \/>\n<meta name=\"robots\" content=\"noindex, nofollow\" \/>\n<meta property=\"og:locale\" content=\"vi_VN\" \/>\n<meta property=\"og:type\" content=\"article\" \/>\n<meta property=\"og:title\" content=\"Boutique N\u00f3n l\u00e1 - Trung t\u00e2m V\u0103n h\u00f3a Vi\u1ec7t Nam t\u1ea1i Canada\" \/>\n<meta property=\"og:description\" content=\"N\u00f3n L\u00e1 l\u00e0 m\u1ed9t c\u1eeda h\u00e0ng tr\u1ef1c tuy\u1ebfn th\u1ee7 c\u00f4ng m\u1ef9 ngh\u1ec7 l\u1ea5y c\u1ea3m h\u1ee9ng t\u1eeb m\u1ed9t c\u00e1i g\u00ec \u0111\u00f3 c\u00f3 ph\u1ea7n tr\u1eebu t\u01b0\u1ee3ng nh\u01b0ng \u00ab nh\u00ecn v\u00e0o l\u00e0 bi\u1ebft Vi\u1ec7t Nam \u00bb.\" \/>\n<meta property=\"og:url\" content=\"https:\/\/centreculturelvietnamien.ca\/vi\/boutique-nonla\/\" \/>\n<meta property=\"og:site_name\" content=\"Trung t\u00e2m V\u0103n h\u00f3a Vi\u1ec7t Nam t\u1ea1i Canada\" \/>\n<meta property=\"article:publisher\" content=\"https:\/\/www.facebook.com\/ccvmontreal\" \/>\n<meta property=\"article:modified_time\" content=\"2025-06-25T09:46:22+00:00\" \/>\n<meta property=\"og:image\" content=\"https:\/\/centreculturelvietnamien.ca\/wp-content\/uploads\/Social-Media-1.png\" \/>\n\t<meta property=\"og:image:width\" content=\"1200\" \/>\n\t<meta property=\"og:image:height\" content=\"675\" \/>\n\t<meta property=\"og:image:type\" content=\"image\/png\" \/>\n<meta name=\"twitter:card\" content=\"summary_large_image\" \/>\n<meta name=\"twitter:site\" content=\"@ccvmontreal\" \/>\n<script type=\"application\/ld+json\" class=\"yoast-schema-graph\">{\"@context\":\"https:\\\/\\\/schema.org\",\"@graph\":[{\"@type\":\"WebPage\",\"@id\":\"https:\\\/\\\/centreculturelvietnamien.ca\\\/vi\\\/boutique-nonla\\\/\",\"url\":\"https:\\\/\\\/centreculturelvietnamien.ca\\\/vi\\\/boutique-nonla\\\/\",\"name\":\"Boutique N\u00f3n l\u00e1 - Trung t\u00e2m V\u0103n h\u00f3a Vi\u1ec7t Nam t\u1ea1i Canada\",\"isPartOf\":{\"@id\":\"https:\\\/\\\/centreculturelvietnamien.ca\\\/vi\\\/#website\"},\"datePublished\":\"2025-01-28T08:43:52+00:00\",\"dateModified\":\"2025-06-25T09:46:22+00:00\",\"description\":\"N\u00f3n L\u00e1 l\u00e0 m\u1ed9t c\u1eeda h\u00e0ng tr\u1ef1c tuy\u1ebfn th\u1ee7 c\u00f4ng m\u1ef9 ngh\u1ec7 l\u1ea5y c\u1ea3m h\u1ee9ng t\u1eeb m\u1ed9t c\u00e1i g\u00ec \u0111\u00f3 c\u00f3 ph\u1ea7n tr\u1eebu t\u01b0\u1ee3ng nh\u01b0ng \u00ab nh\u00ecn v\u00e0o l\u00e0 bi\u1ebft Vi\u1ec7t Nam \u00bb.\",\"breadcrumb\":{\"@id\":\"https:\\\/\\\/centreculturelvietnamien.ca\\\/vi\\\/boutique-nonla\\\/#breadcrumb\"},\"inLanguage\":\"vi-VN\",\"potentialAction\":[{\"@type\":\"ReadAction\",\"target\":[\"https:\\\/\\\/centreculturelvietnamien.ca\\\/vi\\\/boutique-nonla\\\/\"]}]},{\"@type\":\"BreadcrumbList\",\"@id\":\"https:\\\/\\\/centreculturelvietnamien.ca\\\/vi\\\/boutique-nonla\\\/#breadcrumb\",\"itemListElement\":[{\"@type\":\"ListItem\",\"position\":1,\"name\":\"Accueil\",\"item\":\"https:\\\/\\\/centreculturelvietnamien.ca\\\/vi\\\/\"},{\"@type\":\"ListItem\",\"position\":2,\"name\":\"Boutique N\u00f3n l\u00e1\"}]},{\"@type\":\"WebSite\",\"@id\":\"https:\\\/\\\/centreculturelvietnamien.ca\\\/vi\\\/#website\",\"url\":\"https:\\\/\\\/centreculturelvietnamien.ca\\\/vi\\\/\",\"name\":\"Trung t\u00e2m V\u0103n h\u00f3a Vi\u1ec7t Nam t\u1ea1i Canada\",\"description\":\"Nh\u1ecbp s\u1ed1ng V\u0103n ho\u00e1 v\u00e0 t\u00e2m h\u1ed3n Vi\u1ec7t t\u1ea1i Canada\",\"publisher\":{\"@id\":\"https:\\\/\\\/centreculturelvietnamien.ca\\\/vi\\\/#organization\"},\"potentialAction\":[{\"@type\":\"SearchAction\",\"target\":{\"@type\":\"EntryPoint\",\"urlTemplate\":\"https:\\\/\\\/centreculturelvietnamien.ca\\\/vi\\\/?s={search_term_string}\"},\"query-input\":{\"@type\":\"PropertyValueSpecification\",\"valueRequired\":true,\"valueName\":\"search_term_string\"}}],\"inLanguage\":\"vi-VN\"},{\"@type\":\"Organization\",\"@id\":\"https:\\\/\\\/centreculturelvietnamien.ca\\\/vi\\\/#organization\",\"name\":\"Trung t\u00e2m V\u0103n h\u00f3a Vi\u1ec7t Nam t\u1ea1i Canada\",\"url\":\"https:\\\/\\\/centreculturelvietnamien.ca\\\/vi\\\/\",\"logo\":{\"@type\":\"ImageObject\",\"inLanguage\":\"vi-VN\",\"@id\":\"https:\\\/\\\/centreculturelvietnamien.ca\\\/vi\\\/#\\\/schema\\\/logo\\\/image\\\/\",\"url\":\"https:\\\/\\\/centreculturelvietnamien.ca\\\/wp-content\\\/uploads\\\/logo-ccv.png\",\"contentUrl\":\"https:\\\/\\\/centreculturelvietnamien.ca\\\/wp-content\\\/uploads\\\/logo-ccv.png\",\"width\":200,\"height\":200,\"caption\":\"Trung t\u00e2m V\u0103n h\u00f3a Vi\u1ec7t Nam t\u1ea1i Canada\"},\"image\":{\"@id\":\"https:\\\/\\\/centreculturelvietnamien.ca\\\/vi\\\/#\\\/schema\\\/logo\\\/image\\\/\"},\"sameAs\":[\"https:\\\/\\\/www.facebook.com\\\/ccvmontreal\",\"https:\\\/\\\/x.com\\\/ccvmontreal\",\"https:\\\/\\\/www.instagram.com\\\/ccvmontreal\\\/\"]}]}<\/script>\n<!-- \/ Yoast SEO plugin. -->","yoast_head_json":{"title":"Boutique N\u00f3n l\u00e1 - Trung t\u00e2m V\u0103n h\u00f3a Vi\u1ec7t Nam t\u1ea1i Canada","description":"N\u00f3n L\u00e1 l\u00e0 m\u1ed9t c\u1eeda h\u00e0ng tr\u1ef1c tuy\u1ebfn th\u1ee7 c\u00f4ng m\u1ef9 ngh\u1ec7 l\u1ea5y c\u1ea3m h\u1ee9ng t\u1eeb m\u1ed9t c\u00e1i g\u00ec \u0111\u00f3 c\u00f3 ph\u1ea7n tr\u1eebu t\u01b0\u1ee3ng nh\u01b0ng \u00ab nh\u00ecn v\u00e0o l\u00e0 bi\u1ebft Vi\u1ec7t Nam \u00bb.","robots":{"index":"noindex","follow":"nofollow"},"og_locale":"vi_VN","og_type":"article","og_title":"Boutique N\u00f3n l\u00e1 - Trung t\u00e2m V\u0103n h\u00f3a Vi\u1ec7t Nam t\u1ea1i Canada","og_description":"N\u00f3n L\u00e1 l\u00e0 m\u1ed9t c\u1eeda h\u00e0ng tr\u1ef1c tuy\u1ebfn th\u1ee7 c\u00f4ng m\u1ef9 ngh\u1ec7 l\u1ea5y c\u1ea3m h\u1ee9ng t\u1eeb m\u1ed9t c\u00e1i g\u00ec \u0111\u00f3 c\u00f3 ph\u1ea7n tr\u1eebu t\u01b0\u1ee3ng nh\u01b0ng \u00ab nh\u00ecn v\u00e0o l\u00e0 bi\u1ebft Vi\u1ec7t Nam \u00bb.","og_url":"https:\/\/centreculturelvietnamien.ca\/vi\/boutique-nonla\/","og_site_name":"Trung t\u00e2m V\u0103n h\u00f3a Vi\u1ec7t Nam t\u1ea1i Canada","article_publisher":"https:\/\/www.facebook.com\/ccvmontreal","article_modified_time":"2025-06-25T09:46:22+00:00","og_image":[{"width":1200,"height":675,"url":"https:\/\/centreculturelvietnamien.ca\/wp-content\/uploads\/Social-Media-1.png","type":"image\/png"}],"twitter_card":"summary_large_image","twitter_site":"@ccvmontreal","schema":{"@context":"https:\/\/schema.org","@graph":[{"@type":"WebPage","@id":"https:\/\/centreculturelvietnamien.ca\/vi\/boutique-nonla\/","url":"https:\/\/centreculturelvietnamien.ca\/vi\/boutique-nonla\/","name":"Boutique N\u00f3n l\u00e1 - Trung t\u00e2m V\u0103n h\u00f3a Vi\u1ec7t Nam t\u1ea1i Canada","isPartOf":{"@id":"https:\/\/centreculturelvietnamien.ca\/vi\/#website"},"datePublished":"2025-01-28T08:43:52+00:00","dateModified":"2025-06-25T09:46:22+00:00","description":"N\u00f3n L\u00e1 l\u00e0 m\u1ed9t c\u1eeda h\u00e0ng tr\u1ef1c tuy\u1ebfn th\u1ee7 c\u00f4ng m\u1ef9 ngh\u1ec7 l\u1ea5y c\u1ea3m h\u1ee9ng t\u1eeb m\u1ed9t c\u00e1i g\u00ec \u0111\u00f3 c\u00f3 ph\u1ea7n tr\u1eebu t\u01b0\u1ee3ng nh\u01b0ng \u00ab nh\u00ecn v\u00e0o l\u00e0 bi\u1ebft Vi\u1ec7t Nam \u00bb.","breadcrumb":{"@id":"https:\/\/centreculturelvietnamien.ca\/vi\/boutique-nonla\/#breadcrumb"},"inLanguage":"vi-VN","potentialAction":[{"@type":"ReadAction","target":["https:\/\/centreculturelvietnamien.ca\/vi\/boutique-nonla\/"]}]},{"@type":"BreadcrumbList","@id":"https:\/\/centreculturelvietnamien.ca\/vi\/boutique-nonla\/#breadcrumb","itemListElement":[{"@type":"ListItem","position":1,"name":"Accueil","item":"https:\/\/centreculturelvietnamien.ca\/vi\/"},{"@type":"ListItem","position":2,"name":"Boutique N\u00f3n l\u00e1"}]},{"@type":"WebSite","@id":"https:\/\/centreculturelvietnamien.ca\/vi\/#website","url":"https:\/\/centreculturelvietnamien.ca\/vi\/","name":"Trung t\u00e2m V\u0103n h\u00f3a Vi\u1ec7t Nam t\u1ea1i Canada","description":"Nh\u1ecbp s\u1ed1ng V\u0103n ho\u00e1 v\u00e0 t\u00e2m h\u1ed3n Vi\u1ec7t t\u1ea1i Canada","publisher":{"@id":"https:\/\/centreculturelvietnamien.ca\/vi\/#organization"},"potentialAction":[{"@type":"SearchAction","target":{"@type":"EntryPoint","urlTemplate":"https:\/\/centreculturelvietnamien.ca\/vi\/?s={search_term_string}"},"query-input":{"@type":"PropertyValueSpecification","valueRequired":true,"valueName":"search_term_string"}}],"inLanguage":"vi-VN"},{"@type":"Organization","@id":"https:\/\/centreculturelvietnamien.ca\/vi\/#organization","name":"Trung t\u00e2m V\u0103n h\u00f3a Vi\u1ec7t Nam t\u1ea1i Canada","url":"https:\/\/centreculturelvietnamien.ca\/vi\/","logo":{"@type":"ImageObject","inLanguage":"vi-VN","@id":"https:\/\/centreculturelvietnamien.ca\/vi\/#\/schema\/logo\/image\/","url":"https:\/\/centreculturelvietnamien.ca\/wp-content\/uploads\/logo-ccv.png","contentUrl":"https:\/\/centreculturelvietnamien.ca\/wp-content\/uploads\/logo-ccv.png","width":200,"height":200,"caption":"Trung t\u00e2m V\u0103n h\u00f3a Vi\u1ec7t Nam t\u1ea1i Canada"},"image":{"@id":"https:\/\/centreculturelvietnamien.ca\/vi\/#\/schema\/logo\/image\/"},"sameAs":["https:\/\/www.facebook.com\/ccvmontreal","https:\/\/x.com\/ccvmontreal","https:\/\/www.instagram.com\/ccvmontreal\/"]}]}},"_links":{"self":[{"href":"https:\/\/centreculturelvietnamien.ca\/vi\/wp-json\/wp\/v2\/pages\/3294","targetHints":{"allow":["GET"]}}],"collection":[{"href":"https:\/\/centreculturelvietnamien.ca\/vi\/wp-json\/wp\/v2\/pages"}],"about":[{"href":"https:\/\/centreculturelvietnamien.ca\/vi\/wp-json\/wp\/v2\/types\/page"}],"author":[{"embeddable":true,"href":"https:\/\/centreculturelvietnamien.ca\/vi\/wp-json\/wp\/v2\/users\/1"}],"replies":[{"embeddable":true,"href":"https:\/\/centreculturelvietnamien.ca\/vi\/wp-json\/wp\/v2\/comments?post=3294"}],"version-history":[{"count":6,"href":"https:\/\/centreculturelvietnamien.ca\/vi\/wp-json\/wp\/v2\/pages\/3294\/revisions"}],"predecessor-version":[{"id":3355,"href":"https:\/\/centreculturelvietnamien.ca\/vi\/wp-json\/wp\/v2\/pages\/3294\/revisions\/3355"}],"wp:attachment":[{"href":"https:\/\/centreculturelvietnamien.ca\/vi\/wp-json\/wp\/v2\/media?parent=3294"}],"curies":[{"name":"wp","href":"https:\/\/api.w.org\/{rel}","templated":true}]}}