{"id":1003,"date":"2023-01-25T03:42:28","date_gmt":"2023-01-25T08:42:28","guid":{"rendered":"https:\/\/centreculturelvietnamien.ca\/?page_id=1003"},"modified":"2023-04-29T05:12:55","modified_gmt":"2023-04-29T09:12:55","slug":"lien-lac-voi-chung-toi","status":"publish","type":"page","link":"https:\/\/centreculturelvietnamien.ca\/vi\/lien-lac-voi-chung-toi\/","title":{"rendered":"Li\u00ean l\u1ea1c v\u1edbi ch\u00fang t\u00f4i"},"content":{"rendered":"\n<div class=\"wpcf7 no-js\" id=\"wpcf7-f1037-o1\" lang=\"vi-VN\" dir=\"ltr\" data-wpcf7-id=\"1037\">\n<div class=\"screen-reader-response\"><p role=\"status\" aria-live=\"polite\" aria-atomic=\"true\"><\/p> <ul><\/ul><\/div>\n<form action=\"\/vi\/wp-json\/wp\/v2\/pages\/1003#wpcf7-f1037-o1\" method=\"post\" class=\"wpcf7-form init\" aria-label=\"Contact form\" novalidate=\"novalidate\" data-status=\"init\">\n<fieldset class=\"hidden-fields-container\"><input type=\"hidden\" name=\"_wpcf7\" value=\"1037\" \/><input type=\"hidden\" name=\"_wpcf7_version\" value=\"6.1.5\" \/><input type=\"hidden\" name=\"_wpcf7_locale\" value=\"vi_VN\" \/><input type=\"hidden\" name=\"_wpcf7_unit_tag\" value=\"wpcf7-f1037-o1\" \/><input type=\"hidden\" name=\"_wpcf7_container_post\" value=\"0\" \/><input type=\"hidden\" name=\"_wpcf7_posted_data_hash\" value=\"\" \/>\n<\/fieldset>\n<div class=\"row\">\n\t<div class=\"col-12 col-md-6\">\n\t\t<p><span class=\"wpcf7-form-control-wrap\" data-name=\"nom\"><input size=\"40\" maxlength=\"400\" class=\"wpcf7-form-control wpcf7-text wpcf7-validates-as-required form-control\" aria-required=\"true\" aria-invalid=\"false\" placeholder=\"H\u1ecd\" value=\"\" type=\"text\" name=\"nom\" \/><\/span>\n\t\t<\/p>\n\t<\/div>\n\t<div class=\"col-12 col-md-6\">\n\t\t<p><span class=\"wpcf7-form-control-wrap\" data-name=\"prenom\"><input size=\"40\" maxlength=\"400\" class=\"wpcf7-form-control wpcf7-text wpcf7-validates-as-required form-control\" aria-required=\"true\" aria-invalid=\"false\" placeholder=\"T\u00ean\" value=\"\" type=\"text\" name=\"prenom\" \/><\/span>\n\t\t<\/p>\n\t<\/div>\n<\/div>\n<div class=\"row\">\n\t<div class=\"col-12 col-md-6\">\n\t\t<p><span class=\"wpcf7-form-control-wrap\" data-name=\"email\"><input size=\"40\" maxlength=\"400\" class=\"wpcf7-form-control wpcf7-email wpcf7-validates-as-required wpcf7-text wpcf7-validates-as-email form-control\" aria-required=\"true\" aria-invalid=\"false\" placeholder=\"H\u1ed9p th\u01b0\" value=\"\" type=\"email\" name=\"email\" \/><\/span>\n\t\t<\/p>\n\t<\/div>\n\t<div class=\"col-12 col-md-6\">\n\t\t<p><span class=\"wpcf7-form-control-wrap\" data-name=\"telephone\"><input size=\"40\" maxlength=\"400\" class=\"wpcf7-form-control wpcf7-tel wpcf7-text wpcf7-validates-as-tel form-control\" aria-invalid=\"false\" placeholder=\"\u0110i\u1ec7n tho\u1ea1i\" value=\"\" type=\"tel\" name=\"telephone\" \/><\/span>\n\t\t<\/p>\n\t<\/div>\n<\/div>\n<div class=\"col-12\">\n\t<p><span class=\"wpcf7-form-control-wrap\" data-name=\"message\"><textarea cols=\"40\" rows=\"8\" maxlength=\"2000\" class=\"wpcf7-form-control wpcf7-textarea wpcf7-validates-as-required form-control\" aria-required=\"true\" aria-invalid=\"false\" placeholder=\"Tin nh\u1eafn\" name=\"message\"><\/textarea><\/span>\n\t<\/p>\n<\/div>\n<div class=\"col-12 ud-mt-20\">\n\t<p><span class=\"wpcf7-form-control-wrap\" data-name=\"Consentement\"><span class=\"wpcf7-form-control wpcf7-acceptance\"><span class=\"wpcf7-list-item\"><label><input type=\"checkbox\" name=\"Consentement\" value=\"1\" id=\"your-consent\" aria-invalid=\"false\" \/><span class=\"wpcf7-list-item-label\">Khi ch\u1ecdn h\u1ed9p n\u00e0y, t\u00f4i \u0111\u1ed3ng \u00fd r\u1eb1ng th\u00f4ng tin \u0111\u00e3 nh\u1eadp s\u1ebd \u0111\u01b0\u1ee3c s\u1eed d\u1ee5ng trong y\u00eau c\u1ea7u cung c\u1ea5p th\u00f4ng tin c\u1ee7a t\u00f4i.<\/span><\/label><\/span><\/span><\/span>\n\t<\/p>\n<\/div>\n<div class=\"ud-mt-20\">\n\t<p><input class=\"wpcf7-form-control wpcf7-submit has-spinner ud-contact-form-btn\" type=\"submit\" value=\"G\u1edeI\" \/>\n\t<\/p>\n<\/div><div class=\"wpcf7-response-output\" aria-hidden=\"true\"><\/div>\n<\/form>\n<\/div>\n\n","protected":false},"excerpt":{"rendered":"","protected":false},"author":1,"featured_media":0,"parent":0,"menu_order":0,"comment_status":"closed","ping_status":"closed","template":"templates\/page-contact.php","meta":{"_acf_changed":false,"footnotes":""},"class_list":["post-1003","page","type-page","status-publish","hentry"],"acf":[],"yoast_head":"<!-- This site is optimized with the Yoast SEO plugin v27.4 - https:\/\/yoast.com\/product\/yoast-seo-wordpress\/ -->\n<title>Li\u00ean l\u1ea1c v\u1edbi ch\u00fang t\u00f4i - Trung t\u00e2m V\u0103n h\u00f3a Vi\u1ec7t Nam t\u1ea1i Canada<\/title>\n<meta name=\"robots\" content=\"index, follow, max-snippet:-1, max-image-preview:large, max-video-preview:-1\" \/>\n<link rel=\"canonical\" href=\"https:\/\/centreculturelvietnamien.ca\/vi\/lien-lac-voi-chung-toi\/\" \/>\n<meta property=\"og:locale\" content=\"vi_VN\" \/>\n<meta property=\"og:type\" content=\"article\" \/>\n<meta property=\"og:title\" content=\"Li\u00ean l\u1ea1c v\u1edbi ch\u00fang t\u00f4i - Trung t\u00e2m V\u0103n h\u00f3a Vi\u1ec7t Nam t\u1ea1i Canada\" \/>\n<meta property=\"og:url\" content=\"https:\/\/centreculturelvietnamien.ca\/vi\/lien-lac-voi-chung-toi\/\" \/>\n<meta property=\"og:site_name\" content=\"Trung t\u00e2m V\u0103n h\u00f3a Vi\u1ec7t Nam t\u1ea1i Canada\" \/>\n<meta property=\"article:publisher\" content=\"https:\/\/www.facebook.com\/ccvmontreal\" \/>\n<meta property=\"article:modified_time\" content=\"2023-04-29T09:12:55+00:00\" \/>\n<meta property=\"og:image\" content=\"https:\/\/centreculturelvietnamien.ca\/wp-content\/uploads\/Social-Media-1.png\" \/>\n\t<meta property=\"og:image:width\" content=\"1200\" \/>\n\t<meta property=\"og:image:height\" content=\"675\" \/>\n\t<meta property=\"og:image:type\" content=\"image\/png\" \/>\n<meta name=\"twitter:card\" content=\"summary_large_image\" \/>\n<meta name=\"twitter:site\" content=\"@ccvmontreal\" \/>\n<script type=\"application\/ld+json\" class=\"yoast-schema-graph\">{\"@context\":\"https:\\\/\\\/schema.org\",\"@graph\":[{\"@type\":\"WebPage\",\"@id\":\"https:\\\/\\\/centreculturelvietnamien.ca\\\/vi\\\/lien-lac-voi-chung-toi\\\/\",\"url\":\"https:\\\/\\\/centreculturelvietnamien.ca\\\/vi\\\/lien-lac-voi-chung-toi\\\/\",\"name\":\"Li\u00ean l\u1ea1c v\u1edbi ch\u00fang t\u00f4i - Trung t\u00e2m V\u0103n h\u00f3a Vi\u1ec7t Nam t\u1ea1i Canada\",\"isPartOf\":{\"@id\":\"https:\\\/\\\/centreculturelvietnamien.ca\\\/vi\\\/#website\"},\"datePublished\":\"2023-01-25T08:42:28+00:00\",\"dateModified\":\"2023-04-29T09:12:55+00:00\",\"breadcrumb\":{\"@id\":\"https:\\\/\\\/centreculturelvietnamien.ca\\\/vi\\\/lien-lac-voi-chung-toi\\\/#breadcrumb\"},\"inLanguage\":\"vi-VN\",\"potentialAction\":[{\"@type\":\"ReadAction\",\"target\":[\"https:\\\/\\\/centreculturelvietnamien.ca\\\/vi\\\/lien-lac-voi-chung-toi\\\/\"]}]},{\"@type\":\"BreadcrumbList\",\"@id\":\"https:\\\/\\\/centreculturelvietnamien.ca\\\/vi\\\/lien-lac-voi-chung-toi\\\/#breadcrumb\",\"itemListElement\":[{\"@type\":\"ListItem\",\"position\":1,\"name\":\"Accueil\",\"item\":\"https:\\\/\\\/centreculturelvietnamien.ca\\\/vi\\\/\"},{\"@type\":\"ListItem\",\"position\":2,\"name\":\"Li\u00ean l\u1ea1c v\u1edbi ch\u00fang t\u00f4i\"}]},{\"@type\":\"WebSite\",\"@id\":\"https:\\\/\\\/centreculturelvietnamien.ca\\\/vi\\\/#website\",\"url\":\"https:\\\/\\\/centreculturelvietnamien.ca\\\/vi\\\/\",\"name\":\"Trung t\u00e2m V\u0103n h\u00f3a Vi\u1ec7t Nam t\u1ea1i Canada\",\"description\":\"Nh\u1ecbp s\u1ed1ng V\u0103n ho\u00e1 v\u00e0 t\u00e2m h\u1ed3n Vi\u1ec7t t\u1ea1i Canada\",\"publisher\":{\"@id\":\"https:\\\/\\\/centreculturelvietnamien.ca\\\/vi\\\/#organization\"},\"potentialAction\":[{\"@type\":\"SearchAction\",\"target\":{\"@type\":\"EntryPoint\",\"urlTemplate\":\"https:\\\/\\\/centreculturelvietnamien.ca\\\/vi\\\/?s={search_term_string}\"},\"query-input\":{\"@type\":\"PropertyValueSpecification\",\"valueRequired\":true,\"valueName\":\"search_term_string\"}}],\"inLanguage\":\"vi-VN\"},{\"@type\":\"Organization\",\"@id\":\"https:\\\/\\\/centreculturelvietnamien.ca\\\/vi\\\/#organization\",\"name\":\"Trung t\u00e2m V\u0103n h\u00f3a Vi\u1ec7t Nam t\u1ea1i Canada\",\"url\":\"https:\\\/\\\/centreculturelvietnamien.ca\\\/vi\\\/\",\"logo\":{\"@type\":\"ImageObject\",\"inLanguage\":\"vi-VN\",\"@id\":\"https:\\\/\\\/centreculturelvietnamien.ca\\\/vi\\\/#\\\/schema\\\/logo\\\/image\\\/\",\"url\":\"https:\\\/\\\/centreculturelvietnamien.ca\\\/wp-content\\\/uploads\\\/logo-ccv.png\",\"contentUrl\":\"https:\\\/\\\/centreculturelvietnamien.ca\\\/wp-content\\\/uploads\\\/logo-ccv.png\",\"width\":200,\"height\":200,\"caption\":\"Trung t\u00e2m V\u0103n h\u00f3a Vi\u1ec7t Nam t\u1ea1i Canada\"},\"image\":{\"@id\":\"https:\\\/\\\/centreculturelvietnamien.ca\\\/vi\\\/#\\\/schema\\\/logo\\\/image\\\/\"},\"sameAs\":[\"https:\\\/\\\/www.facebook.com\\\/ccvmontreal\",\"https:\\\/\\\/x.com\\\/ccvmontreal\",\"https:\\\/\\\/www.instagram.com\\\/ccvmontreal\\\/\"]}]}<\/script>\n<!-- \/ Yoast SEO plugin. -->","yoast_head_json":{"title":"Li\u00ean l\u1ea1c v\u1edbi ch\u00fang t\u00f4i - Trung t\u00e2m V\u0103n h\u00f3a Vi\u1ec7t Nam t\u1ea1i Canada","robots":{"index":"index","follow":"follow","max-snippet":"max-snippet:-1","max-image-preview":"max-image-preview:large","max-video-preview":"max-video-preview:-1"},"canonical":"https:\/\/centreculturelvietnamien.ca\/vi\/lien-lac-voi-chung-toi\/","og_locale":"vi_VN","og_type":"article","og_title":"Li\u00ean l\u1ea1c v\u1edbi ch\u00fang t\u00f4i - Trung t\u00e2m V\u0103n h\u00f3a Vi\u1ec7t Nam t\u1ea1i Canada","og_url":"https:\/\/centreculturelvietnamien.ca\/vi\/lien-lac-voi-chung-toi\/","og_site_name":"Trung t\u00e2m V\u0103n h\u00f3a Vi\u1ec7t Nam t\u1ea1i Canada","article_publisher":"https:\/\/www.facebook.com\/ccvmontreal","article_modified_time":"2023-04-29T09:12:55+00:00","og_image":[{"width":1200,"height":675,"url":"https:\/\/centreculturelvietnamien.ca\/wp-content\/uploads\/Social-Media-1.png","type":"image\/png"}],"twitter_card":"summary_large_image","twitter_site":"@ccvmontreal","schema":{"@context":"https:\/\/schema.org","@graph":[{"@type":"WebPage","@id":"https:\/\/centreculturelvietnamien.ca\/vi\/lien-lac-voi-chung-toi\/","url":"https:\/\/centreculturelvietnamien.ca\/vi\/lien-lac-voi-chung-toi\/","name":"Li\u00ean l\u1ea1c v\u1edbi ch\u00fang t\u00f4i - Trung t\u00e2m V\u0103n h\u00f3a Vi\u1ec7t Nam t\u1ea1i Canada","isPartOf":{"@id":"https:\/\/centreculturelvietnamien.ca\/vi\/#website"},"datePublished":"2023-01-25T08:42:28+00:00","dateModified":"2023-04-29T09:12:55+00:00","breadcrumb":{"@id":"https:\/\/centreculturelvietnamien.ca\/vi\/lien-lac-voi-chung-toi\/#breadcrumb"},"inLanguage":"vi-VN","potentialAction":[{"@type":"ReadAction","target":["https:\/\/centreculturelvietnamien.ca\/vi\/lien-lac-voi-chung-toi\/"]}]},{"@type":"BreadcrumbList","@id":"https:\/\/centreculturelvietnamien.ca\/vi\/lien-lac-voi-chung-toi\/#breadcrumb","itemListElement":[{"@type":"ListItem","position":1,"name":"Accueil","item":"https:\/\/centreculturelvietnamien.ca\/vi\/"},{"@type":"ListItem","position":2,"name":"Li\u00ean l\u1ea1c v\u1edbi ch\u00fang t\u00f4i"}]},{"@type":"WebSite","@id":"https:\/\/centreculturelvietnamien.ca\/vi\/#website","url":"https:\/\/centreculturelvietnamien.ca\/vi\/","name":"Trung t\u00e2m V\u0103n h\u00f3a Vi\u1ec7t Nam t\u1ea1i Canada","description":"Nh\u1ecbp s\u1ed1ng V\u0103n ho\u00e1 v\u00e0 t\u00e2m h\u1ed3n Vi\u1ec7t t\u1ea1i Canada","publisher":{"@id":"https:\/\/centreculturelvietnamien.ca\/vi\/#organization"},"potentialAction":[{"@type":"SearchAction","target":{"@type":"EntryPoint","urlTemplate":"https:\/\/centreculturelvietnamien.ca\/vi\/?s={search_term_string}"},"query-input":{"@type":"PropertyValueSpecification","valueRequired":true,"valueName":"search_term_string"}}],"inLanguage":"vi-VN"},{"@type":"Organization","@id":"https:\/\/centreculturelvietnamien.ca\/vi\/#organization","name":"Trung t\u00e2m V\u0103n h\u00f3a Vi\u1ec7t Nam t\u1ea1i Canada","url":"https:\/\/centreculturelvietnamien.ca\/vi\/","logo":{"@type":"ImageObject","inLanguage":"vi-VN","@id":"https:\/\/centreculturelvietnamien.ca\/vi\/#\/schema\/logo\/image\/","url":"https:\/\/centreculturelvietnamien.ca\/wp-content\/uploads\/logo-ccv.png","contentUrl":"https:\/\/centreculturelvietnamien.ca\/wp-content\/uploads\/logo-ccv.png","width":200,"height":200,"caption":"Trung t\u00e2m V\u0103n h\u00f3a Vi\u1ec7t Nam t\u1ea1i Canada"},"image":{"@id":"https:\/\/centreculturelvietnamien.ca\/vi\/#\/schema\/logo\/image\/"},"sameAs":["https:\/\/www.facebook.com\/ccvmontreal","https:\/\/x.com\/ccvmontreal","https:\/\/www.instagram.com\/ccvmontreal\/"]}]}},"_links":{"self":[{"href":"https:\/\/centreculturelvietnamien.ca\/vi\/wp-json\/wp\/v2\/pages\/1003","targetHints":{"allow":["GET"]}}],"collection":[{"href":"https:\/\/centreculturelvietnamien.ca\/vi\/wp-json\/wp\/v2\/pages"}],"about":[{"href":"https:\/\/centreculturelvietnamien.ca\/vi\/wp-json\/wp\/v2\/types\/page"}],"author":[{"embeddable":true,"href":"https:\/\/centreculturelvietnamien.ca\/vi\/wp-json\/wp\/v2\/users\/1"}],"replies":[{"embeddable":true,"href":"https:\/\/centreculturelvietnamien.ca\/vi\/wp-json\/wp\/v2\/comments?post=1003"}],"version-history":[{"count":4,"href":"https:\/\/centreculturelvietnamien.ca\/vi\/wp-json\/wp\/v2\/pages\/1003\/revisions"}],"predecessor-version":[{"id":1038,"href":"https:\/\/centreculturelvietnamien.ca\/vi\/wp-json\/wp\/v2\/pages\/1003\/revisions\/1038"}],"wp:attachment":[{"href":"https:\/\/centreculturelvietnamien.ca\/vi\/wp-json\/wp\/v2\/media?parent=1003"}],"curies":[{"name":"wp","href":"https:\/\/api.w.org\/{rel}","templated":true}]}}